{"id":2,"date":"2026-04-15T12:46:39","date_gmt":"2026-04-15T12:46:39","guid":{"rendered":"http:\/\/canoes-vincelottes.com\/?page_id=2"},"modified":"2026-04-17T12:28:24","modified_gmt":"2026-04-17T12:28:24","slug":"sample-page","status":"publish","type":"page","link":"https:\/\/canoes-vincelottes.com\/","title":{"rendered":"Accueil"},"content":{"rendered":"\n<div class=\"wp-block-cover alignfull has-custom-content-position is-position-top-left\" style=\"padding-top:var(--wp--preset--spacing--10);padding-bottom:var(--wp--preset--spacing--10);min-height:543px;aspect-ratio:unset;\"><img loading=\"lazy\" decoding=\"async\" width=\"1600\" height=\"760\" class=\"wp-block-cover__image-background wp-image-48 size-full\" alt=\"\" src=\"http:\/\/canoes-vincelottes.com\/wp-content\/uploads\/2026\/04\/0e024dd37572c200b6093ce98ac73d99-285461998-322861126692732-2641451844027434830-n-1600x900-4-e1776376897302.jpg\" data-object-fit=\"cover\" srcset=\"https:\/\/canoes-vincelottes.com\/wp-content\/uploads\/2026\/04\/0e024dd37572c200b6093ce98ac73d99-285461998-322861126692732-2641451844027434830-n-1600x900-4-e1776376897302.jpg 1600w, https:\/\/canoes-vincelottes.com\/wp-content\/uploads\/2026\/04\/0e024dd37572c200b6093ce98ac73d99-285461998-322861126692732-2641451844027434830-n-1600x900-4-e1776376897302-300x143.jpg 300w, https:\/\/canoes-vincelottes.com\/wp-content\/uploads\/2026\/04\/0e024dd37572c200b6093ce98ac73d99-285461998-322861126692732-2641451844027434830-n-1600x900-4-e1776376897302-1024x486.jpg 1024w, https:\/\/canoes-vincelottes.com\/wp-content\/uploads\/2026\/04\/0e024dd37572c200b6093ce98ac73d99-285461998-322861126692732-2641451844027434830-n-1600x900-4-e1776376897302-768x365.jpg 768w, https:\/\/canoes-vincelottes.com\/wp-content\/uploads\/2026\/04\/0e024dd37572c200b6093ce98ac73d99-285461998-322861126692732-2641451844027434830-n-1600x900-4-e1776376897302-1536x730.jpg 1536w\" sizes=\"auto, (max-width: 1600px) 100vw, 1600px\" \/><span aria-hidden=\"true\" class=\"wp-block-cover__background has-background-dim-0 has-background-dim\"><\/span><div class=\"wp-block-cover__inner-container has-global-padding is-layout-constrained wp-block-cover-is-layout-constrained\">\n<div class=\"wp-block-group has-global-padding is-layout-constrained wp-block-group-is-layout-constrained\">\n<p class=\"has-base-color has-text-color has-background has-link-color has-quicksand-font-family wp-elements-7502845a3f4c4022322f1c29fb91fc71\" style=\"border-top-left-radius:39px;border-top-right-radius:39px;border-bottom-left-radius:39px;border-bottom-right-radius:39px;background-color:#636363a1;padding-top:var(--wp--preset--spacing--30);padding-right:var(--wp--preset--spacing--20);padding-bottom:var(--wp--preset--spacing--30);padding-left:var(--wp--preset--spacing--20);font-size:clamp(1.743rem, 1.743rem + ((1vw - 0.2rem) * 2.095), 3rem);line-height:1.2\">D\u00e9couvrez l&#8217;Yonne sauvage au fil de l&#8217;eau !<\/p>\n<\/div>\n<\/div><\/div>\n\n\n\n<div class=\"wp-block-group alignfull is-style-default has-global-padding is-content-justification-right is-layout-constrained wp-container-core-group-is-layout-e1cf8ef7 wp-block-group-is-layout-constrained\" style=\"margin-top:0;margin-bottom:0;padding-top:var(--wp--preset--spacing--50);padding-bottom:var(--wp--preset--spacing--50)\">\n<div class=\"wp-block-columns alignwide are-vertically-aligned-top is-layout-flex wp-container-core-columns-is-layout-fa584acd wp-block-columns-is-layout-flex\">\n<div class=\"wp-block-column is-vertically-aligned-top has-global-padding is-content-justification-left is-layout-constrained wp-container-core-column-is-layout-c3e4265c wp-block-column-is-layout-constrained\" style=\"flex-basis:60%\">\n<div class=\"wp-block-group alignfull has-large-font-size is-vertical is-content-justification-center is-nowrap is-layout-flex wp-container-core-group-is-layout-1f6887d2 wp-block-group-is-layout-flex\" style=\"padding-right:var(--wp--preset--spacing--20);padding-left:var(--wp--preset--spacing--20)\">\n<p class=\"has-text-align-left has-text-color has-link-color has-quicksand-font-family wp-elements-89ff5c84a1524552169f09ffba5c97fc\" style=\"border-style:none;border-width:0px;color:#009be4;padding-top:0;padding-right:0;padding-bottom:0;padding-left:0;font-size:clamp(27.894px, 1.743rem + ((1vw - 3.2px) * 2.094), 48px);\">Cano\u00ebs Vincelottes<\/p>\n\n\n\n<p class=\"has-text-align-left has-text-color has-link-color has-quicksand-font-family wp-elements-c438ac765a38b4dc4fb4e59347c491ea\" style=\"color:#009be4\">vous propose la location de cano\u00ebs et paddles pour explorer des parcours uniques entre Cravant, Vincelles, Vincelottes et Bailly.<\/p>\n\n\n\n<p class=\"has-text-align-left is-service-description has-text-color has-link-color wp-elements-4065e0011b41a52c60e8a7b301aa2843\" style=\"color:#009be4\">Que vous soyez en famille, entre amis ou en solo, profitez d\u2019une exp\u00e9rience au c\u0153ur de paysages naturels et apaisants.<\/p>\n\n\n\n<p class=\"has-text-align-left is-service-description has-text-color has-link-color wp-elements-a370d745a3c1d8723fb9d45f41fa9853\" style=\"color:#009be4\">\u00c0 seulement 15 minutes d\u2019Auxerre et 2 heures de Paris, offrez-vous une escapade d\u00e9paysante en toute simplicit\u00e9.<\/p>\n<\/div>\n\n\n\n<div class=\"wp-block-buttons is-content-justification-center is-nowrap is-layout-flex wp-container-core-buttons-is-layout-f2399597 wp-block-buttons-is-layout-flex\">\n<div class=\"wp-block-button has-custom-width wp-block-button__width-50\"><a class=\"wp-block-button__link has-background wp-element-button\" href=\"https:\/\/canoes-vincelottes.com\/index.php\/parcours\/\" style=\"background-color:#ff9d00\">Voir les parcours<\/a><\/div>\n<\/div>\n<\/div>\n\n\n\n<div class=\"wp-block-column is-vertically-aligned-top is-layout-flow wp-block-column-is-layout-flow\" style=\"padding-right:var(--wp--preset--spacing--20);flex-basis:40%\">\n<figure class=\"wp-block-image size-large is-style-default\"><img decoding=\"async\" src=\"https:\/\/danreecorentin-ncvir.wordpress.com\/wp-content\/uploads\/2026\/04\/capture-decran-copie-1.png?w=624\" alt=\"\" class=\"wp-image-62\"\/><\/figure>\n\n\n\n<figure class=\"wp-block-embed is-type-video is-provider-youtube wp-block-embed-youtube wp-embed-aspect-16-9 wp-has-aspect-ratio\" style=\"margin-top:var(--wp--preset--spacing--30);margin-bottom:var(--wp--preset--spacing--30)\"><div class=\"wp-block-embed__wrapper\">\n<iframe loading=\"lazy\" title=\"CANO\u00cbS VINCELOTTES\" width=\"500\" height=\"281\" src=\"https:\/\/www.youtube.com\/embed\/YvoAASb29_M?feature=oembed\" frameborder=\"0\" allow=\"accelerometer; autoplay; clipboard-write; encrypted-media; gyroscope; picture-in-picture; web-share\" referrerpolicy=\"strict-origin-when-cross-origin\" allowfullscreen><\/iframe>\n<\/div><\/figure>\n<\/div>\n<\/div>\n<\/div>\n\n\n\n<h5 class=\"wp-block-heading alignwide has-xx-large-font-size\">En images<\/h5>\n\n\n\n<div class=\"wp-block-group alignfull has-background has-global-padding is-content-justification-center is-layout-constrained wp-block-group-is-layout-constrained\" style=\"background-color:#009be352;margin-top:0;margin-bottom:0;padding-top:var(--wp--preset--spacing--40);padding-bottom:var(--wp--preset--spacing--40)\">\n<div class=\"wp-block-group alignwide is-layout-grid wp-container-core-group-is-layout-507a8e2c wp-block-group-is-layout-grid\">\n<figure class=\"wp-block-image size-full is-style-default wp-container-content-574e1f9d\" style=\"margin-top:0;margin-bottom:0\"><img loading=\"lazy\" decoding=\"async\" width=\"1393\" height=\"928\" src=\"http:\/\/canoes-vincelottes.com\/wp-content\/uploads\/2026\/04\/Capture-decran-2026-04-12-151308.png\" alt=\"\" class=\"wp-image-146\" style=\"aspect-ratio:1;object-fit:cover\" srcset=\"https:\/\/canoes-vincelottes.com\/wp-content\/uploads\/2026\/04\/Capture-decran-2026-04-12-151308.png 1393w, https:\/\/canoes-vincelottes.com\/wp-content\/uploads\/2026\/04\/Capture-decran-2026-04-12-151308-300x200.png 300w, https:\/\/canoes-vincelottes.com\/wp-content\/uploads\/2026\/04\/Capture-decran-2026-04-12-151308-1024x682.png 1024w, https:\/\/canoes-vincelottes.com\/wp-content\/uploads\/2026\/04\/Capture-decran-2026-04-12-151308-768x512.png 768w\" sizes=\"auto, (max-width: 1393px) 100vw, 1393px\" \/><\/figure>\n\n\n\n<figure class=\"wp-block-video wp-container-content-de781617\"><video height=\"720\" style=\"aspect-ratio: 1280 \/ 720;\" width=\"1280\" controls src=\"http:\/\/canoes-vincelottes.com\/wp-content\/uploads\/2026\/04\/video2.mp4\"><\/video><\/figure>\n<\/div>\n<\/div>\n\n\n\n<div class=\"wp-block-group alignfull has-background has-global-padding is-content-justification-center is-layout-constrained wp-block-group-is-layout-constrained\" style=\"background-color:#009be352;margin-top:0;margin-bottom:0;padding-top:var(--wp--preset--spacing--40);padding-bottom:var(--wp--preset--spacing--40)\">\n<div class=\"wp-block-group alignwide is-layout-grid wp-container-core-group-is-layout-507a8e2c wp-block-group-is-layout-grid\">\n<figure class=\"wp-block-image size-full wp-container-content-fb931021\"><img decoding=\"async\" src=\"https:\/\/danreecorentin-ncvir.wordpress.com\/wp-content\/uploads\/2026\/04\/contact.jpg\" alt=\"\" class=\"wp-image-120\" style=\"aspect-ratio:1;object-fit:cover\"\/><\/figure>\n\n\n\n<figure class=\"wp-block-gallery has-nested-images columns-default is-cropped wp-block-gallery-1 is-layout-flex wp-block-gallery-is-layout-flex\">\n<figure class=\"wp-block-image size-full\"><img loading=\"lazy\" decoding=\"async\" width=\"1720\" height=\"1877\" data-id=\"183\" src=\"https:\/\/canoes-vincelottes.com\/wp-content\/uploads\/2026\/04\/P1000486-scaled-e1776421003916.jpg\" alt=\"\" class=\"wp-image-183\" srcset=\"https:\/\/canoes-vincelottes.com\/wp-content\/uploads\/2026\/04\/P1000486-scaled-e1776421003916.jpg 1720w, https:\/\/canoes-vincelottes.com\/wp-content\/uploads\/2026\/04\/P1000486-scaled-e1776421003916-275x300.jpg 275w, https:\/\/canoes-vincelottes.com\/wp-content\/uploads\/2026\/04\/P1000486-scaled-e1776421003916-938x1024.jpg 938w, https:\/\/canoes-vincelottes.com\/wp-content\/uploads\/2026\/04\/P1000486-scaled-e1776421003916-768x838.jpg 768w, https:\/\/canoes-vincelottes.com\/wp-content\/uploads\/2026\/04\/P1000486-scaled-e1776421003916-1408x1536.jpg 1408w\" sizes=\"auto, (max-width: 1720px) 100vw, 1720px\" \/><\/figure>\n<\/figure>\n\n\n\n<figure class=\"wp-block-image size-full is-style-default wp-container-content-574e1f9d\" style=\"margin-top:0;margin-bottom:0\"><img loading=\"lazy\" decoding=\"async\" width=\"534\" height=\"459\" src=\"http:\/\/canoes-vincelottes.com\/wp-content\/uploads\/2026\/04\/1000_F_463599996_iAxsKqjhaIQTXyLiYUre7aqC3Rfnzc8P-edited-e1776374689159.jpg\" alt=\"\" class=\"wp-image-144\" style=\"aspect-ratio:1;object-fit:cover\" srcset=\"https:\/\/canoes-vincelottes.com\/wp-content\/uploads\/2026\/04\/1000_F_463599996_iAxsKqjhaIQTXyLiYUre7aqC3Rfnzc8P-edited-e1776374689159.jpg 534w, https:\/\/canoes-vincelottes.com\/wp-content\/uploads\/2026\/04\/1000_F_463599996_iAxsKqjhaIQTXyLiYUre7aqC3Rfnzc8P-edited-e1776374689159-300x258.jpg 300w\" sizes=\"auto, (max-width: 534px) 100vw, 534px\" \/><\/figure>\n<\/div>\n<\/div>\n","protected":false},"excerpt":{"rendered":"<p>Cano\u00ebs Vincelottes vous propose la location de cano\u00ebs et paddles pour explorer des parcours uniques entre Cravant, Vincelles, Vincelottes et Bailly. Que vous soyez en famille, entre amis ou en solo, profitez d\u2019une exp\u00e9rience au c\u0153ur de paysages naturels et apaisants. \u00c0 seulement 15 minutes d\u2019Auxerre et 2 heures de Paris, offrez-vous une escapade d\u00e9paysante [&hellip;]<\/p>\n","protected":false},"author":1,"featured_media":0,"parent":0,"menu_order":0,"comment_status":"closed","ping_status":"closed","template":"page-no-title","meta":{"footnotes":""},"class_list":["post-2","page","type-page","status-publish","hentry"],"_links":{"self":[{"href":"https:\/\/canoes-vincelottes.com\/index.php\/wp-json\/wp\/v2\/pages\/2","targetHints":{"allow":["GET"]}}],"collection":[{"href":"https:\/\/canoes-vincelottes.com\/index.php\/wp-json\/wp\/v2\/pages"}],"about":[{"href":"https:\/\/canoes-vincelottes.com\/index.php\/wp-json\/wp\/v2\/types\/page"}],"author":[{"embeddable":true,"href":"https:\/\/canoes-vincelottes.com\/index.php\/wp-json\/wp\/v2\/users\/1"}],"replies":[{"embeddable":true,"href":"https:\/\/canoes-vincelottes.com\/index.php\/wp-json\/wp\/v2\/comments?post=2"}],"version-history":[{"count":53,"href":"https:\/\/canoes-vincelottes.com\/index.php\/wp-json\/wp\/v2\/pages\/2\/revisions"}],"predecessor-version":[{"id":227,"href":"https:\/\/canoes-vincelottes.com\/index.php\/wp-json\/wp\/v2\/pages\/2\/revisions\/227"}],"wp:attachment":[{"href":"https:\/\/canoes-vincelottes.com\/index.php\/wp-json\/wp\/v2\/media?parent=2"}],"curies":[{"name":"wp","href":"https:\/\/api.w.org\/{rel}","templated":true}]}}