{"id":66,"date":"2026-04-16T12:29:23","date_gmt":"2026-04-16T12:29:23","guid":{"rendered":"https:\/\/canoes-vincelottes.com\/?page_id=66"},"modified":"2026-04-17T12:16:42","modified_gmt":"2026-04-17T12:16:42","slug":"parcours","status":"publish","type":"page","link":"https:\/\/canoes-vincelottes.com\/index.php\/parcours\/","title":{"rendered":"Parcours"},"content":{"rendered":"\n<div class=\"wp-block-cover alignfull has-parallax has-custom-content-position is-position-top-center\" style=\"border-style:none;border-width:0px;padding-top:var(--wp--preset--spacing--60);padding-bottom:var(--wp--preset--spacing--60);min-height:437px;aspect-ratio:unset;\"><div class=\"wp-block-cover__image-background wp-image-219 size-full has-parallax\" style=\"background-position:50% 50%;background-image:url(http:\/\/canoes-vincelottes.com\/wp-content\/uploads\/2026\/04\/contact-e1776427494224.jpg)\"><\/div><span aria-hidden=\"true\" class=\"wp-block-cover__background has-background-dim\" style=\"background-color:#7b7d76\"><\/span><div class=\"wp-block-cover__inner-container has-global-padding is-layout-constrained wp-container-core-cover-is-layout-76c2f5cf wp-block-cover-is-layout-constrained\">\n<h1 class=\"wp-block-heading has-text-align-center is-style-default\" style=\"font-size:clamp(2.629rem, 2.629rem + ((1vw - 0.2rem) * 3.952), 5rem);\"><strong>Parcours<\/strong><\/h1>\n<\/div><\/div>\n\n\n\n<p class=\"has-text-color has-link-color wp-elements-1842e5b47cfa8c2c6c9d75da476ec226\" style=\"color:#009be4\">4 parcours de 2,5 \u00e0 8,5 km vous sont propos\u00e9s, adapt\u00e9s \u00e0 tous les niveaux. <\/p>\n\n\n\n<p class=\"has-text-color has-link-color wp-elements-7de2fe1b8099419f512710dec1cc5c1e\" style=\"color:#009be4\">Ces itin\u00e9raires calmes sur l\u2019Yonne permettent de profiter pleinement du cadre naturel, que ce soit pour une courte balade ou une sortie plus longue.<\/p>\n\n\n\n<figure class=\"wp-block-image alignwide size-full has-custom-border\" style=\"margin-top:var(--wp--preset--spacing--10);margin-right:0;margin-bottom:var(--wp--preset--spacing--10);margin-left:0\"><a href=\"http:\/\/canoes-vincelottes.com\/wp-content\/uploads\/2026\/04\/Parcours-Canoes-Vincelottes.png\"><img loading=\"lazy\" decoding=\"async\" width=\"1654\" height=\"788\" src=\"http:\/\/canoes-vincelottes.com\/wp-content\/uploads\/2026\/04\/Parcours-Canoes-Vincelottes.png\" alt=\"\" class=\"has-border-color has-contrast-2-border-color wp-image-223\" style=\"border-width:3px;border-top-left-radius:7px;border-top-right-radius:7px;border-bottom-left-radius:7px;border-bottom-right-radius:7px\" srcset=\"https:\/\/canoes-vincelottes.com\/wp-content\/uploads\/2026\/04\/Parcours-Canoes-Vincelottes.png 1654w, https:\/\/canoes-vincelottes.com\/wp-content\/uploads\/2026\/04\/Parcours-Canoes-Vincelottes-300x143.png 300w, https:\/\/canoes-vincelottes.com\/wp-content\/uploads\/2026\/04\/Parcours-Canoes-Vincelottes-1024x488.png 1024w, https:\/\/canoes-vincelottes.com\/wp-content\/uploads\/2026\/04\/Parcours-Canoes-Vincelottes-768x366.png 768w, https:\/\/canoes-vincelottes.com\/wp-content\/uploads\/2026\/04\/Parcours-Canoes-Vincelottes-1536x732.png 1536w\" sizes=\"auto, (max-width: 1654px) 100vw, 1654px\" \/><\/a><\/figure>\n\n\n\n<p class=\"has-contrast-color has-text-color has-link-color has-quicksand-font-family wp-elements-2c94f395ee9db39195d7bce04cc1b3ba\">Un petit aper\u00e7u des balades&#8230;<\/p>\n\n\n\n<figure class=\"wp-block-video alignwide\"><video height=\"720\" style=\"aspect-ratio: 1280 \/ 720;\" width=\"1280\" autoplay controls muted src=\"https:\/\/canoes-vincelottes.com\/wp-content\/uploads\/2026\/04\/video-1.mp4\" playsinline><\/video><\/figure>\n","protected":false},"excerpt":{"rendered":"<p>4 parcours de 2,5 \u00e0 8,5 km vous sont propos\u00e9s, adapt\u00e9s \u00e0 tous les niveaux. Ces itin\u00e9raires calmes sur l\u2019Yonne permettent de profiter pleinement du cadre naturel, que ce soit pour une courte balade ou une sortie plus longue. Un petit aper\u00e7u des balades&#8230;<\/p>\n","protected":false},"author":1,"featured_media":0,"parent":0,"menu_order":1,"comment_status":"closed","ping_status":"closed","template":"page-no-title","meta":{"footnotes":""},"class_list":["post-66","page","type-page","status-publish","hentry"],"_links":{"self":[{"href":"https:\/\/canoes-vincelottes.com\/index.php\/wp-json\/wp\/v2\/pages\/66","targetHints":{"allow":["GET"]}}],"collection":[{"href":"https:\/\/canoes-vincelottes.com\/index.php\/wp-json\/wp\/v2\/pages"}],"about":[{"href":"https:\/\/canoes-vincelottes.com\/index.php\/wp-json\/wp\/v2\/types\/page"}],"author":[{"embeddable":true,"href":"https:\/\/canoes-vincelottes.com\/index.php\/wp-json\/wp\/v2\/users\/1"}],"replies":[{"embeddable":true,"href":"https:\/\/canoes-vincelottes.com\/index.php\/wp-json\/wp\/v2\/comments?post=66"}],"version-history":[{"count":11,"href":"https:\/\/canoes-vincelottes.com\/index.php\/wp-json\/wp\/v2\/pages\/66\/revisions"}],"predecessor-version":[{"id":224,"href":"https:\/\/canoes-vincelottes.com\/index.php\/wp-json\/wp\/v2\/pages\/66\/revisions\/224"}],"wp:attachment":[{"href":"https:\/\/canoes-vincelottes.com\/index.php\/wp-json\/wp\/v2\/media?parent=66"}],"curies":[{"name":"wp","href":"https:\/\/api.w.org\/{rel}","templated":true}]}}