{"id":75,"date":"2026-04-16T12:30:16","date_gmt":"2026-04-16T12:30:16","guid":{"rendered":"https:\/\/canoes-vincelottes.com\/?page_id=75"},"modified":"2026-04-17T12:29:17","modified_gmt":"2026-04-17T12:29:17","slug":"contact","status":"publish","type":"page","link":"https:\/\/canoes-vincelottes.com\/index.php\/contact\/","title":{"rendered":"Contact"},"content":{"rendered":"\n<div class=\"wp-block-cover alignfull has-parallax has-custom-content-position is-position-top-center\" style=\"border-style:none;border-width:0px;padding-top:var(--wp--preset--spacing--60);padding-bottom:var(--wp--preset--spacing--60);min-height:437px;aspect-ratio:unset;\"><div class=\"wp-block-cover__image-background wp-image-151 size-full has-parallax\" style=\"background-position:50% 50%;background-image:url(https:\/\/canoes-vincelottes.com\/wp-content\/uploads\/2026\/04\/2-scaled-e1776375876554.jpg)\"><\/div><span aria-hidden=\"true\" class=\"wp-block-cover__background has-background-dim\" style=\"background-color:#696c63\"><\/span><div class=\"wp-block-cover__inner-container has-global-padding is-layout-constrained wp-container-core-cover-is-layout-76c2f5cf wp-block-cover-is-layout-constrained\">\n<h1 class=\"wp-block-heading has-text-align-center is-style-default has-x-large-font-size\"><strong>Contact, renseignements et r\u00e9servation<\/strong><\/h1>\n<\/div><\/div>\n\n\n\n<div class=\"wp-block-group has-quicksand-font-family is-layout-flow wp-container-core-group-is-layout-a70f80f3 wp-block-group-is-layout-flow\" style=\"min-height:0px;margin-top:0;margin-bottom:0;padding-top:0;padding-bottom:0;font-size:clamp(20px, 1.25rem + ((1vw - 3.2px) * 1.25), 32px);\">\n<div class=\"wp-block-group has-global-padding is-layout-constrained wp-block-group-is-layout-constrained\">\n<div class=\"wp-block-group has-global-padding is-layout-constrained wp-block-group-is-layout-constrained\" style=\"margin-top:var(--wp--preset--spacing--20);margin-bottom:var(--wp--preset--spacing--20)\">\n<div class=\"wp-block-group has-global-padding is-layout-constrained wp-block-group-is-layout-constrained\" style=\"margin-top:var(--wp--preset--spacing--30);margin-bottom:var(--wp--preset--spacing--30)\">\n<p class=\"has-text-align-left has-contrast-color has-text-color has-link-color wp-elements-4c7c27af16846b7fc64931626cf5a05e\" style=\"border-style:none;border-width:0px;padding-top:var(--wp--preset--spacing--40);padding-bottom:var(--wp--preset--spacing--40)\">Une question ? N\u2019h\u00e9sitez pas \u00e0 nous contacter.<\/p>\n\n\n\n<h5 class=\"wp-block-heading has-text-align-center ai-ignore\" style=\"padding-top:0;padding-bottom:0;font-size:clamp(1.502rem, 1.502rem + ((1vw - 0.2rem) * 1.663), 2.5rem);\"><strong>Ouverture<\/strong><\/h5>\n\n\n\n<p class=\"has-text-align-center is-contact-opening-hours has-contrast-color has-text-color has-link-color wp-elements-fdc0af07505d6b1935f01ade8e0cf22a\">Tous les jours du 1er mai au 30 septembre.<\/p>\n<\/div>\n<\/div>\n<\/div>\n\n\n\n<div class=\"wp-block-group has-global-padding is-layout-constrained wp-block-group-is-layout-constrained\" style=\"margin-top:var(--wp--preset--spacing--40);margin-bottom:var(--wp--preset--spacing--40);padding-top:var(--wp--preset--spacing--40);padding-bottom:var(--wp--preset--spacing--40)\">\n<h5 class=\"wp-block-heading has-text-align-center ai-ignore\" style=\"font-size:clamp(1.502rem, 1.502rem + ((1vw - 0.2rem) * 1.663), 2.5rem);\"><strong>Tel.<\/strong><\/h5>\n\n\n\n<p class=\"has-text-align-center is-contact-opening-hours has-contrast-color has-text-color has-link-color wp-elements-384b99300f47d4af8b4b06737c2a5218\">06 60 34 79 40<\/p>\n<\/div>\n\n\n\n<div class=\"wp-block-group has-global-padding is-layout-constrained wp-block-group-is-layout-constrained\" style=\"margin-top:var(--wp--preset--spacing--20);margin-bottom:var(--wp--preset--spacing--20)\">\n<h5 class=\"wp-block-heading has-text-align-center ai-ignore\" style=\"font-size:clamp(1.502rem, 1.502rem + ((1vw - 0.2rem) * 1.663), 2.5rem);\"><strong>Facebook<\/strong><\/h5>\n\n\n\n<p class=\"has-text-align-center is-contact-opening-hours has-contrast-color has-text-color has-link-color wp-elements-819e51ea4cc5737dceebe943eb945507\"><a href=\"https:\/\/www.facebook.com\/p\/Cano%C3%ABs-Vincelottes-100069065423756\/\">Cano\u00ebs Vincelottes<\/a><\/p>\n<\/div>\n<\/div>\n\n\n\n<div class=\"wp-block-group has-quicksand-font-family is-layout-flow wp-container-core-group-is-layout-a70f80f3 wp-block-group-is-layout-flow\" style=\"min-height:0px;margin-top:0;margin-bottom:0;padding-top:0;padding-bottom:0;font-size:clamp(20px, 1.25rem + ((1vw - 3.2px) * 1.25), 32px);\">\n<p class=\"has-text-align-center is-contact-address has-contrast-color has-text-color has-link-color wp-elements-1ad1f29f055801e495e316b6a2336bbf\" style=\"padding-top:var(--wp--preset--spacing--20);padding-bottom:var(--wp--preset--spacing--20);font-size:clamp(21.536px, 1.346rem + ((1vw - 3.2px) * 1.403), 35px);\"><strong>89290 &#8211; Vincelottes<\/strong><\/p>\n<\/div>\n\n\n<div class=\"map-responsive\">\n  <iframe src=\"https:\/\/www.google.com\/maps\/embed?pb=!1m18!1m12!1m3!1d9816.253599241454!2d3.636746909251159!3d47.70796669463969!2m3!1f0!2f0!3f0!3m2!1i1024!2i768!4f13.1!3m3!1m2!1s0x47ee478f9b9f25c5%3A0x35b671a9691924b!2sLocation%20Cano%C3%ABs%2C%20Kayaks%20et%20Paddles!5e1!3m2!1sfr!2sfr!4v1776342328376!5m2!1sfr!2sfr\" allowfullscreen=\"\" loading=\"lazy\"><\/iframe>\n<\/div>\n\n\n<p><\/p>\n","protected":false},"excerpt":{"rendered":"<p>Une question ? N\u2019h\u00e9sitez pas \u00e0 nous contacter. Ouverture Tous les jours du 1er mai au 30 septembre. Tel. 06 60 34 79 40 Facebook Cano\u00ebs Vincelottes 89290 &#8211; Vincelottes<\/p>\n","protected":false},"author":1,"featured_media":0,"parent":0,"menu_order":2,"comment_status":"closed","ping_status":"closed","template":"page-no-title","meta":{"footnotes":""},"class_list":["post-75","page","type-page","status-publish","hentry"],"_links":{"self":[{"href":"https:\/\/canoes-vincelottes.com\/index.php\/wp-json\/wp\/v2\/pages\/75","targetHints":{"allow":["GET"]}}],"collection":[{"href":"https:\/\/canoes-vincelottes.com\/index.php\/wp-json\/wp\/v2\/pages"}],"about":[{"href":"https:\/\/canoes-vincelottes.com\/index.php\/wp-json\/wp\/v2\/types\/page"}],"author":[{"embeddable":true,"href":"https:\/\/canoes-vincelottes.com\/index.php\/wp-json\/wp\/v2\/users\/1"}],"replies":[{"embeddable":true,"href":"https:\/\/canoes-vincelottes.com\/index.php\/wp-json\/wp\/v2\/comments?post=75"}],"version-history":[{"count":24,"href":"https:\/\/canoes-vincelottes.com\/index.php\/wp-json\/wp\/v2\/pages\/75\/revisions"}],"predecessor-version":[{"id":228,"href":"https:\/\/canoes-vincelottes.com\/index.php\/wp-json\/wp\/v2\/pages\/75\/revisions\/228"}],"wp:attachment":[{"href":"https:\/\/canoes-vincelottes.com\/index.php\/wp-json\/wp\/v2\/media?parent=75"}],"curies":[{"name":"wp","href":"https:\/\/api.w.org\/{rel}","templated":true}]}}